{"id":89,"date":"2013-08-11T19:22:53","date_gmt":"2013-08-11T19:22:53","guid":{"rendered":"http:\/\/localhost:8888\/test\/?page_id=532"},"modified":"2025-10-16T11:56:56","modified_gmt":"2025-10-16T09:56:56","slug":"contact","status":"publish","type":"page","link":"https:\/\/www.laplagne-parapente.com\/en\/contact\/","title":{"rendered":"Contact &#038; infos"},"content":{"rendered":"<section class=\"section\" id=\"section_877652609\">\n\t\t<div class=\"section-bg fill\" >\n\t\t\t\t\t\t\t\t\t\n\t\t\t\n\n\t\t<\/div>\n\n\t\t\n\n\t\t<div class=\"section-content relative\">\n\t\t\t\n\n<div class=\"row align-center\" style=\"max-width:1200px\" id=\"row-1989683514\">\n\n\n\t<div id=\"col-1497158828\" class=\"col medium-7 small-12 large-5\"  >\n\t\t\t\t<div class=\"col-inner\"  >\n\t\t\t\n\t\t\t\n\n\t<div id=\"gap-912494600\" class=\"gap-element clearfix\" style=\"display:block; height:auto;\">\n\t\t\n<style>\n#gap-912494600 {\n  padding-top: 10px;\n}\n<\/style>\n\t<\/div>\n\t\n\n\t<div id=\"text-3996011394\" class=\"text\">\n\t\t\n\n<h1>Contact &amp; Infos<\/h1>\n\n\t\t\n<style>\n#text-3996011394 {\n  font-size: 1.8rem;\n  text-align: center;\n  color: #1c426d;\n}\n#text-3996011394 > * {\n  color: #1c426d;\n}\n<\/style>\n\t<\/div>\n\t\n<div class=\"text-center\"><div class=\"is-divider divider clearfix\" style=\"margin-top:1.1em;margin-bottom:1.1em;max-width:120px;height:4px;background-color:rgb(126, 126, 137);\"><\/div><\/div>\n\n\n\t\t<\/div>\n\t\t\t\t\t<\/div>\n\n\t\n\n<\/div>\n\n\t\t<\/div>\n\n\t\t\n<style>\n#section_877652609 {\n  padding-top: 8px;\n  padding-bottom: 8px;\n}\n<\/style>\n\t<\/section>\n\t\n\n\t<section class=\"section\" id=\"section_945028232\">\n\t\t<div class=\"section-bg fill\" >\n\t\t\t\t\t\t\t\t\t\n\t\t\t\n\n\t\t<\/div>\n\n\t\t\n\n\t\t<div class=\"section-content relative\">\n\t\t\t\n\n<div class=\"row row-collapse align-equal\" style=\"max-width:1200px\" id=\"row-1837079805\">\n\n\n\t<div id=\"col-1331675637\" class=\"col medium-4 small-12 large-4\"  >\n\t\t\t\t<div class=\"col-inner\"  >\n\t\t\t\n\t\t\t\n\n\n  <div class=\"banner has-hover bg-glow\" id=\"banner-2134769593\">\n          <div class=\"banner-inner fill\">\n        <div class=\"banner-bg fill\" >\n            <img loading=\"lazy\" decoding=\"async\" width=\"1020\" height=\"765\" src=\"https:\/\/www.laplagne-parapente.com\/wp-content\/uploads\/2025\/09\/IMG-20220223-WA0000-1067x800.jpg\" class=\"bg attachment-large size-large\" alt=\"\" \/>                                    \n                    <\/div>\n\t\t\n        <div class=\"banner-layers container\">\n            <div class=\"fill banner-link\"><\/div>            \n\n   <div id=\"text-box-200159945\" class=\"text-box banner-layer x50 md-x50 lg-x50 y50 md-y50 lg-y50 res-text\">\n                                <div class=\"text-box-content text dark\">\n              \n              <div class=\"text-inner text-center\">\n                  \n\n\n              <\/div>\n           <\/div>\n                            \n<style>\n#text-box-200159945 {\n  width: 60%;\n}\n#text-box-200159945 .text-box-content {\n  font-size: 100%;\n}\n@media (min-width:550px) {\n  #text-box-200159945 {\n    width: 60%;\n  }\n}\n<\/style>\n    <\/div>\n \n\n        <\/div>\n      <\/div>\n\n            \n<style>\n#banner-2134769593 {\n  padding-top: 99.99%;\n  background-color: rgb(255, 255, 255);\n}\n#banner-2134769593 .banner-bg img {\n  object-position: 100% 19%;\n}\n<\/style>\n  <\/div>\n\n\n\n\t\t<\/div>\n\t\t\t\t\t<\/div>\n\n\t\n\n\t<div id=\"col-790669576\" class=\"col medium-4 small-12 large-4\"  >\n\t\t\t\t<div class=\"col-inner text-center\" style=\"background-color:rgb(255, 255, 255);\" >\n\t\t\t\n\t\t\t\n\n\t<div id=\"gap-1998497850\" class=\"gap-element clearfix\" style=\"display:block; height:auto;\">\n\t\t\n<style>\n#gap-1998497850 {\n  padding-top: 25px;\n}\n<\/style>\n\t<\/div>\n\t\n\n\t<div class=\"img has-hover x md-x lg-x y md-y lg-y\" id=\"image_1271217808\">\n\t\t\t\t\t\t\t\t<div class=\"img-inner dark\" >\n\t\t\t<img loading=\"lazy\" decoding=\"async\" width=\"120\" height=\"120\" src=\"https:\/\/www.laplagne-parapente.com\/wp-content\/uploads\/2025\/10\/map-pin-2-fill-1.png\" class=\"attachment-large size-large\" alt=\"\" srcset=\"https:\/\/www.laplagne-parapente.com\/wp-content\/uploads\/2025\/10\/map-pin-2-fill-1.png 120w, https:\/\/www.laplagne-parapente.com\/wp-content\/uploads\/2025\/10\/map-pin-2-fill-1-100x100.png 100w\" sizes=\"auto, (max-width: 120px) 100vw, 120px\" \/>\t\t\t\t\t\t\n\t\t\t\t\t<\/div>\n\t\t\t\t\t\t\t\t\n<style>\n#image_1271217808 {\n  width: 23%;\n}\n@media (min-width:550px) {\n  #image_1271217808 {\n    width: 15%;\n  }\n}\n@media (min-width:850px) {\n  #image_1271217808 {\n    width: 23%;\n  }\n}\n<\/style>\n\t<\/div>\n\t\n\n\t<div id=\"text-3784738296\" class=\"text\">\n\t\t\n\n<h2>Nous trouver<\/h2>\n\t\t\n<style>\n#text-3784738296 {\n  font-size: 1.75rem;\n  text-align: center;\n  color: #ea7027;\n}\n#text-3784738296 > * {\n  color: #ea7027;\n}\n@media (min-width:550px) {\n  #text-3784738296 {\n    font-size: 1rem;\n  }\n}\n@media (min-width:850px) {\n  #text-3784738296 {\n    font-size: 1.25rem;\n  }\n}\n<\/style>\n\t<\/div>\n\t\n\t<div id=\"text-35807249\" class=\"text\">\n\t\t\n\n<p><strong>Sommet de la Grande Rochette<\/strong><br \/><em>D\u00e9collage <\/em><em>\u00e0 <\/em><em>pied ou skis\/surf, acc\u00e8s par la <strong>T\u00e9l\u00e9cabine FUN\/PLAGNE.<\/strong><br \/><\/em>En \u00e9t\u00e9, les lieux de d\u00e9collages sont vari\u00e9s<\/p>\n\t\t\n<style>\n#text-35807249 {\n  font-size: 1rem;\n  text-align: center;\n}\n@media (min-width:550px) {\n  #text-35807249 {\n    font-size: 0.9rem;\n  }\n}\n@media (min-width:850px) {\n  #text-35807249 {\n    font-size: 1rem;\n  }\n}\n<\/style>\n\t<\/div>\n\t\n\n\t\t<\/div>\n\t\t\t\t\n<style>\n#col-790669576 > .col-inner {\n  padding: 50px 50px 71px 50px;\n}\n@media (min-width:550px) {\n  #col-790669576 > .col-inner {\n    padding: 10px 10px 10px 11px;\n  }\n}\n@media (min-width:850px) {\n  #col-790669576 > .col-inner {\n    padding: 10% 10% 10% 10%;\n  }\n}\n<\/style>\n\t<\/div>\n\n\t\n\n\t<div id=\"col-748046221\" class=\"col medium-4 small-12 large-4\"  >\n\t\t\t\t<div class=\"col-inner\"  >\n\t\t\t\n\t\t\t\n\n\n  <div class=\"banner has-hover\" id=\"banner-390459810\">\n          <div class=\"banner-inner fill\">\n        <div class=\"banner-bg fill\" >\n            <img loading=\"lazy\" decoding=\"async\" width=\"1020\" height=\"678\" src=\"https:\/\/www.laplagne-parapente.com\/wp-content\/uploads\/2025\/09\/ml-12-1203x800.jpg\" class=\"bg attachment-large size-large\" alt=\"\" \/>                                    \n                    <\/div>\n\t\t\n        <div class=\"banner-layers container\">\n            <div class=\"fill banner-link\"><\/div>            \n\n   <div id=\"text-box-1036169918\" class=\"text-box banner-layer x50 md-x50 lg-x50 y50 md-y50 lg-y50 res-text\">\n                                <div class=\"text-box-content text dark\">\n              \n              <div class=\"text-inner text-center\">\n                  \n\n\n              <\/div>\n           <\/div>\n                            \n<style>\n#text-box-1036169918 {\n  width: 60%;\n}\n#text-box-1036169918 .text-box-content {\n  font-size: 100%;\n}\n@media (min-width:550px) {\n  #text-box-1036169918 {\n    width: 60%;\n  }\n}\n<\/style>\n    <\/div>\n \n\n        <\/div>\n      <\/div>\n\n            \n<style>\n#banner-390459810 {\n  padding-top: 99.99%;\n  background-color: rgb(255, 255, 255);\n}\n#banner-390459810 .banner-bg img {\n  object-position: 83% 70%;\n}\n<\/style>\n  <\/div>\n\n\n\n\t\t<\/div>\n\t\t\t\t\t<\/div>\n\n\t\n\n\n<style>\n#row-1837079805 > .col > .col-inner {\n  background-color: rgb(238, 238, 238);\n}\n<\/style>\n<\/div>\n<div class=\"row row-collapse align-equal\" style=\"max-width:1200px\" id=\"row-1512385424\">\n\n\n\t<div id=\"col-299876588\" class=\"col medium-4 small-12 large-4\"  >\n\t\t\t\t<div class=\"col-inner text-center\" style=\"background-color:rgb(255, 255, 255);\" >\n\t\t\t\n\t\t\t\n\n\t<div id=\"gap-1382614597\" class=\"gap-element clearfix\" style=\"display:block; height:auto;\">\n\t\t\n<style>\n#gap-1382614597 {\n  padding-top: 25px;\n}\n<\/style>\n\t<\/div>\n\t\n\n\t<div class=\"img has-hover x md-x lg-x y md-y lg-y\" id=\"image_1785562222\">\n\t\t\t\t\t\t\t\t<div class=\"img-inner dark\" >\n\t\t\t<img loading=\"lazy\" decoding=\"async\" width=\"120\" height=\"120\" src=\"https:\/\/www.laplagne-parapente.com\/wp-content\/uploads\/2025\/10\/phone-fill-1.png\" class=\"attachment-large size-large\" alt=\"\" srcset=\"https:\/\/www.laplagne-parapente.com\/wp-content\/uploads\/2025\/10\/phone-fill-1.png 120w, https:\/\/www.laplagne-parapente.com\/wp-content\/uploads\/2025\/10\/phone-fill-1-100x100.png 100w\" sizes=\"auto, (max-width: 120px) 100vw, 120px\" \/>\t\t\t\t\t\t\n\t\t\t\t\t<\/div>\n\t\t\t\t\t\t\t\t\n<style>\n#image_1785562222 {\n  width: 23%;\n}\n@media (min-width:550px) {\n  #image_1785562222 {\n    width: 15%;\n  }\n}\n@media (min-width:850px) {\n  #image_1785562222 {\n    width: 23%;\n  }\n}\n<\/style>\n\t<\/div>\n\t\n\n\t<div id=\"text-1798533312\" class=\"text\">\n\t\t\n\n<h2>TEL<\/h2>\n\t\t\n<style>\n#text-1798533312 {\n  font-size: 1.75rem;\n  text-align: center;\n  color: #ea7027;\n}\n#text-1798533312 > * {\n  color: #ea7027;\n}\n@media (min-width:550px) {\n  #text-1798533312 {\n    font-size: 1rem;\n  }\n}\n@media (min-width:850px) {\n  #text-1798533312 {\n    font-size: 1.25rem;\n  }\n}\n<\/style>\n\t<\/div>\n\t\n\t<div id=\"text-414801729\" class=\"text\">\n\t\t\n\n<p><br \/><strong>+33 (0)6 15 06 09 31<\/strong><\/p>\n\t\t\n<style>\n#text-414801729 {\n  font-size: 1rem;\n  text-align: center;\n}\n@media (min-width:550px) {\n  #text-414801729 {\n    font-size: 0.9rem;\n  }\n}\n@media (min-width:850px) {\n  #text-414801729 {\n    font-size: 1.75rem;\n  }\n}\n<\/style>\n\t<\/div>\n\t\n\n\t\t<\/div>\n\t\t\t\t\n<style>\n#col-299876588 > .col-inner {\n  padding: 50px 50px 71px 50px;\n}\n@media (min-width:550px) {\n  #col-299876588 > .col-inner {\n    padding: 10px 10px 10px 11px;\n  }\n}\n@media (min-width:850px) {\n  #col-299876588 > .col-inner {\n    padding: 10% 10% 10% 10%;\n  }\n}\n<\/style>\n\t<\/div>\n\n\t\n\n\t<div id=\"col-1289023990\" class=\"col medium-4 small-12 large-4\"  >\n\t\t\t\t<div class=\"col-inner\"  >\n\t\t\t\n\t\t\t\n\n\n  <div class=\"banner has-hover\" id=\"banner-1898826562\">\n          <div class=\"banner-inner fill\">\n        <div class=\"banner-bg fill\" >\n            <img loading=\"lazy\" decoding=\"async\" width=\"1020\" height=\"574\" src=\"https:\/\/www.laplagne-parapente.com\/wp-content\/uploads\/2025\/10\/sommet-de-la-grande-rochette.jpg\" class=\"bg attachment-large size-large\" alt=\"\" \/>                                    \n                    <\/div>\n\t\t\n        <div class=\"banner-layers container\">\n            <div class=\"fill banner-link\"><\/div>            \n\n   <div id=\"text-box-16252141\" class=\"text-box banner-layer x50 md-x50 lg-x50 y50 md-y50 lg-y50 res-text\">\n                                <div class=\"text-box-content text dark\">\n              \n              <div class=\"text-inner text-center\">\n                  \n\n\n              <\/div>\n           <\/div>\n                            \n<style>\n#text-box-16252141 {\n  width: 60%;\n}\n#text-box-16252141 .text-box-content {\n  font-size: 100%;\n}\n@media (min-width:550px) {\n  #text-box-16252141 {\n    width: 60%;\n  }\n}\n<\/style>\n    <\/div>\n \n\n        <\/div>\n      <\/div>\n\n            \n<style>\n#banner-1898826562 {\n  padding-top: 99.99%;\n  background-color: rgb(255, 255, 255);\n}\n#banner-1898826562 .banner-bg img {\n  object-position: 100% 100%;\n}\n<\/style>\n  <\/div>\n\n\n\n\t\t<\/div>\n\t\t\t\t\t<\/div>\n\n\t\n\n\t<div id=\"col-269800395\" class=\"col medium-4 small-12 large-4\"  >\n\t\t\t\t<div class=\"col-inner text-center\" style=\"background-color:rgb(255, 255, 255);\" >\n\t\t\t\n\t\t\t\n\n\t<div id=\"gap-1987778930\" class=\"gap-element clearfix\" style=\"display:block; height:auto;\">\n\t\t\n<style>\n#gap-1987778930 {\n  padding-top: 25px;\n}\n<\/style>\n\t<\/div>\n\t\n\n\t<div class=\"img has-hover x md-x lg-x y md-y lg-y\" id=\"image_1964485527\">\n\t\t\t\t\t\t\t\t<div class=\"img-inner dark\" >\n\t\t\t<img loading=\"lazy\" decoding=\"async\" width=\"120\" height=\"120\" src=\"https:\/\/www.laplagne-parapente.com\/wp-content\/uploads\/2025\/10\/mail-fill-1.png\" class=\"attachment-large size-large\" alt=\"\" srcset=\"https:\/\/www.laplagne-parapente.com\/wp-content\/uploads\/2025\/10\/mail-fill-1.png 120w, https:\/\/www.laplagne-parapente.com\/wp-content\/uploads\/2025\/10\/mail-fill-1-100x100.png 100w\" sizes=\"auto, (max-width: 120px) 100vw, 120px\" \/>\t\t\t\t\t\t\n\t\t\t\t\t<\/div>\n\t\t\t\t\t\t\t\t\n<style>\n#image_1964485527 {\n  width: 23%;\n}\n@media (min-width:550px) {\n  #image_1964485527 {\n    width: 15%;\n  }\n}\n@media (min-width:850px) {\n  #image_1964485527 {\n    width: 23%;\n  }\n}\n<\/style>\n\t<\/div>\n\t\n\n\t<div id=\"text-3999902403\" class=\"text\">\n\t\t\n\n<h2>Email<\/h2>\n\t\t\n<style>\n#text-3999902403 {\n  font-size: 1.75rem;\n  text-align: center;\n  color: #ea7027;\n}\n#text-3999902403 > * {\n  color: #ea7027;\n}\n@media (min-width:550px) {\n  #text-3999902403 {\n    font-size: 1rem;\n  }\n}\n@media (min-width:850px) {\n  #text-3999902403 {\n    font-size: 1.25rem;\n  }\n}\n<\/style>\n\t<\/div>\n\t\n\t<div id=\"text-3936582496\" class=\"text\">\n\t\t\n\n<h2 style=\"margin-right: 29.2pt; text-align: center;\" align=\"center\"><span lang=\"EN-US\"><a href=\"mailto:para.plagnair@gmail.com\"><span style=\"color: #1c386e; text-decoration: none; text-underline: none;\">para.plagnair@gmail.com<\/span><\/a><\/span><\/h2>\n\t\t\n<style>\n#text-3936582496 {\n  font-size: 1rem;\n  text-align: center;\n}\n@media (min-width:550px) {\n  #text-3936582496 {\n    font-size: 0.9rem;\n  }\n}\n@media (min-width:850px) {\n  #text-3936582496 {\n    font-size: 1rem;\n  }\n}\n<\/style>\n\t<\/div>\n\t\n\n\t\t<\/div>\n\t\t\t\t\n<style>\n#col-269800395 > .col-inner {\n  padding: 50px 50px 71px 50px;\n}\n@media (min-width:550px) {\n  #col-269800395 > .col-inner {\n    padding: 10px 10px 10px 11px;\n  }\n}\n@media (min-width:850px) {\n  #col-269800395 > .col-inner {\n    padding: 10% 10% 10% 10%;\n  }\n}\n<\/style>\n\t<\/div>\n\n\t\n\n\n<style>\n#row-1512385424 > .col > .col-inner {\n  background-color: rgb(238, 238, 238);\n}\n<\/style>\n<\/div>\n\t<div id=\"gap-142130099\" class=\"gap-element clearfix\" style=\"display:block; height:auto;\">\n\t\t\n<style>\n#gap-142130099 {\n  padding-top: 100px;\n}\n<\/style>\n\t<\/div>\n\t\n\n\n\n<iframe src=\"https:\/\/www.google.com\/maps\/embed?pb=!1m18!1m12!1m3!1d44724.48431886079!2d6.6451194002185145!3d45.52456527917385!2m3!1f0!2f0!3f0!3m2!1i1024!2i768!4f13.1!3m3!1m2!1s0x47897bbbf6bdba69%3A0x40feb492e9386e00!2sLa%20Plagne!5e0!3m2!1sfr!2sfr!4v1760109294872!5m2!1sfr!2sfr\" width=\"100%\" height=\"450\" style=\"border:0;\" allowfullscreen=\"\" loading=\"lazy\" referrerpolicy=\"no-referrer-when-downgrade\"><\/iframe>\n\n\n\t\t<\/div>\n\n\t\t\n<style>\n#section_945028232 {\n  padding-top: 0px;\n  padding-bottom: 0px;\n  background-color: rgb(243, 243, 243);\n}\n<\/style>\n\t<\/section>","protected":false},"excerpt":{"rendered":"","protected":false},"author":1,"featured_media":17,"parent":0,"menu_order":0,"comment_status":"closed","ping_status":"closed","template":"page-blank.php","meta":{"footnotes":""},"class_list":["post-89","page","type-page","status-publish","has-post-thumbnail","hentry"],"_links":{"self":[{"href":"https:\/\/www.laplagne-parapente.com\/en\/wp-json\/wp\/v2\/pages\/89","targetHints":{"allow":["GET"]}}],"collection":[{"href":"https:\/\/www.laplagne-parapente.com\/en\/wp-json\/wp\/v2\/pages"}],"about":[{"href":"https:\/\/www.laplagne-parapente.com\/en\/wp-json\/wp\/v2\/types\/page"}],"author":[{"embeddable":true,"href":"https:\/\/www.laplagne-parapente.com\/en\/wp-json\/wp\/v2\/users\/1"}],"replies":[{"embeddable":true,"href":"https:\/\/www.laplagne-parapente.com\/en\/wp-json\/wp\/v2\/comments?post=89"}],"version-history":[{"count":17,"href":"https:\/\/www.laplagne-parapente.com\/en\/wp-json\/wp\/v2\/pages\/89\/revisions"}],"predecessor-version":[{"id":575,"href":"https:\/\/www.laplagne-parapente.com\/en\/wp-json\/wp\/v2\/pages\/89\/revisions\/575"}],"wp:featuredmedia":[{"embeddable":true,"href":"https:\/\/www.laplagne-parapente.com\/en\/wp-json\/wp\/v2\/media\/17"}],"wp:attachment":[{"href":"https:\/\/www.laplagne-parapente.com\/en\/wp-json\/wp\/v2\/media?parent=89"}],"curies":[{"name":"wp","href":"https:\/\/api.w.org\/{rel}","templated":true}]}}